{"id":3615,"date":"2025-04-06T17:57:26","date_gmt":"2025-04-06T17:57:26","guid":{"rendered":"https:\/\/utw-piotrkow.pl\/wputw\/?page_id=3615"},"modified":"2025-04-06T17:57:26","modified_gmt":"2025-04-06T17:57:26","slug":"inne","status":"publish","type":"page","link":"https:\/\/utw-piotrkow.pl\/wputw\/inne\/","title":{"rendered":"Inne"},"content":{"rendered":"\n<p><strong>Samorz\u0105d S\u0142uchaczy<\/strong><\/p>\n\n\n\n<p>Maria Niemczyk- przewodnicz\u0105ca<br>Maria Ci\u0119\u017cka &#8211; z-ca przewodnicz\u0105cej<br>Bogus\u0142awa Kotas- cz\u0142onek<br>Gra\u017cyna \u015awistak- cz\u0142onek<br>Maria G\u00f3rka- cz\u0142onek<br>Lucyna Strychacz- cz\u0142onek<br>Ma\u0142gorzata Staniaszek- cz\u0142onek<br>El\u017cbieta Kulik- cz\u0142onek<\/p>\n\n\n\n<p>e-mail Samorz\u0105du S\u0142uchaczy:\u00a0 <a href=\"mailto:samorzad.sluchaczy@utw-piotrkow.pl\">samorzad.sluchaczy@utw-piotrkow.pl<\/a><\/p>\n\n\n\n<p><\/p>\n","protected":false},"excerpt":{"rendered":"<p>Samorz\u0105d S\u0142uchaczy Maria Niemczyk- przewodnicz\u0105caMaria Ci\u0119\u017cka &#8211; z-ca przewodnicz\u0105cejBogus\u0142awa Kotas- cz\u0142onekGra\u017cyna \u015awistak- cz\u0142onekMaria G\u00f3rka- cz\u0142onekLucyna Strychacz- cz\u0142onekMa\u0142gorzata Staniaszek- cz\u0142onekEl\u017cbieta Kulik- cz\u0142onek e-mail Samorz\u0105du S\u0142uchaczy:\u00a0 samorzad.sluchaczy@utw-piotrkow.pl<\/p>\n","protected":false},"author":1,"featured_media":0,"parent":0,"menu_order":0,"comment_status":"closed","ping_status":"closed","template":"","meta":{"zakra_page_container_layout":"customizer","zakra_page_sidebar_layout":"customizer","zakra_remove_content_margin":false,"zakra_sidebar":"customizer","zakra_transparent_header":"customizer","zakra_logo":0,"zakra_main_header_style":"default","zakra_menu_item_color":"","zakra_menu_item_hover_color":"","zakra_menu_item_active_color":"","zakra_menu_active_style":"","zakra_page_header":true,"footnotes":"","_links_to":"","_links_to_target":""},"class_list":["post-3615","page","type-page","status-publish","hentry"],"_links":{"self":[{"href":"https:\/\/utw-piotrkow.pl\/wputw\/wp-json\/wp\/v2\/pages\/3615","targetHints":{"allow":["GET"]}}],"collection":[{"href":"https:\/\/utw-piotrkow.pl\/wputw\/wp-json\/wp\/v2\/pages"}],"about":[{"href":"https:\/\/utw-piotrkow.pl\/wputw\/wp-json\/wp\/v2\/types\/page"}],"author":[{"embeddable":true,"href":"https:\/\/utw-piotrkow.pl\/wputw\/wp-json\/wp\/v2\/users\/1"}],"replies":[{"embeddable":true,"href":"https:\/\/utw-piotrkow.pl\/wputw\/wp-json\/wp\/v2\/comments?post=3615"}],"version-history":[{"count":1,"href":"https:\/\/utw-piotrkow.pl\/wputw\/wp-json\/wp\/v2\/pages\/3615\/revisions"}],"predecessor-version":[{"id":3616,"href":"https:\/\/utw-piotrkow.pl\/wputw\/wp-json\/wp\/v2\/pages\/3615\/revisions\/3616"}],"wp:attachment":[{"href":"https:\/\/utw-piotrkow.pl\/wputw\/wp-json\/wp\/v2\/media?parent=3615"}],"curies":[{"name":"wp","href":"https:\/\/api.w.org\/{rel}","templated":true}]}}